{"id":171,"date":"2021-05-17T20:51:27","date_gmt":"2021-05-17T20:51:27","guid":{"rendered":"http:\/\/www.idaipqroo.org.mx\/dibujo-infantil\/?page_id=171"},"modified":"2023-08-16T17:34:27","modified_gmt":"2023-08-16T17:34:27","slug":"aviso-de-privacidad","status":"publish","type":"page","link":"http:\/\/www.idaipqroo.org.mx\/dibujo-infantil\/aviso-de-privacidad\/","title":{"rendered":"Aviso de privacidad"},"content":{"rendered":"\t\t<div data-elementor-type=\"wp-page\" data-elementor-id=\"171\" class=\"elementor elementor-171\" data-elementor-settings=\"[]\">\n\t\t\t\t\t\t<div class=\"elementor-inner\">\n\t\t\t\t\t\t\t<div class=\"elementor-section-wrap\">\n\t\t\t\t\t\t\t<section class=\"elementor-section elementor-top-section elementor-element elementor-element-6c1ac9a4 elementor-section-boxed elementor-section-height-default elementor-section-height-default\" data-id=\"6c1ac9a4\" data-element_type=\"section\">\n\t\t\t\t\t\t<div class=\"elementor-container elementor-column-gap-default\">\n\t\t\t\t\t\t\t<div class=\"elementor-row\">\n\t\t\t\t\t<div class=\"elementor-column elementor-col-100 elementor-top-column elementor-element elementor-element-61ec9ba2\" data-id=\"61ec9ba2\" data-element_type=\"column\">\n\t\t\t<div class=\"elementor-column-wrap elementor-element-populated\">\n\t\t\t\t\t\t\t<div class=\"elementor-widget-wrap\">\n\t\t\t\t\t\t<div class=\"elementor-element elementor-element-55133bae elementor-view-default elementor-position-top elementor-vertical-align-top elementor-widget elementor-widget-icon-box\" data-id=\"55133bae\" data-element_type=\"widget\" data-widget_type=\"icon-box.default\">\n\t\t\t\t<div class=\"elementor-widget-container\">\n\t\t\t\t\t<div class=\"elementor-icon-box-wrapper\">\n\t\t\t\t\t\t<div class=\"elementor-icon-box-icon\">\n\t\t\t\t<span class=\"elementor-icon elementor-animation-\" >\n\t\t\t\t<i aria-hidden=\"true\" class=\"fas fa-lock\"><\/i>\t\t\t\t<\/span>\n\t\t\t<\/div>\n\t\t\t\t\t\t<div class=\"elementor-icon-box-content\">\n\t\t\t\t<h3 class=\"elementor-icon-box-title\">\n\t\t\t\t\t<span >Aviso de Privacidad del Concurso Infantil de Dibujo IDAIPQROO<\/span>\n\t\t\t\t<\/h3>\n\t\t\t\t\t\t\t\t<p class=\"elementor-icon-box-description\">.<\/p>\n\t\t\t\t\t\t\t<\/div>\n\t\t<\/div>\n\t\t\t\t<\/div>\n\t\t\t\t<\/div>\n\t\t\t\t\t\t<\/div>\n\t\t\t\t\t<\/div>\n\t\t<\/div>\n\t\t\t\t\t\t\t\t<\/div>\n\t\t\t\t\t<\/div>\n\t\t<\/section>\n\t\t\t\t<section class=\"elementor-section elementor-top-section elementor-element elementor-element-9d3777f elementor-section-full_width elementor-section-height-default elementor-section-height-default\" data-id=\"9d3777f\" data-element_type=\"section\">\n\t\t\t\t\t\t<div class=\"elementor-container elementor-column-gap-default\">\n\t\t\t\t\t\t\t<div class=\"elementor-row\">\n\t\t\t\t\t<div class=\"elementor-column elementor-col-100 elementor-top-column elementor-element elementor-element-2b6fd6f\" data-id=\"2b6fd6f\" data-element_type=\"column\">\n\t\t\t<div class=\"elementor-column-wrap elementor-element-populated\">\n\t\t\t\t\t\t\t<div class=\"elementor-widget-wrap\">\n\t\t\t\t\t\t<div class=\"elementor-element elementor-element-8a0f3fe elementor-widget elementor-widget-text-editor\" data-id=\"8a0f3fe\" data-element_type=\"widget\" data-widget_type=\"text-editor.default\">\n\t\t\t\t<div class=\"elementor-widget-container\">\n\t\t\t\t\t<div class=\"elementor-text-editor elementor-clearfix\"><p>En cumplimiento a la Ley General de Protecci\u00f3n de Datos Personales en Posesi\u00f3n de Sujetos Obligados y la Ley de Protecci\u00f3n de Datos Personales en Posesi\u00f3n de Sujetos Obligados para el Estado de Quintana Roo, el Instituto de Acceso a la Informaci\u00f3n y Protecci\u00f3n de Datos Personales de Quintana Roo, en lo subsiguiente IDAIPQROO, en su calidad de Sujeto Obligado que recaba y ejerce tratamiento sobre datos personales, emite el siguiente:<\/p><h4 style=\"text-align: center;\"><strong>\u00a0<\/strong><strong>AVISO DE PRIVACIDAD<\/strong><\/h4><p>El IDAIPQROO, con domicilio en la avenida Oth\u00f3n P. Blanco, n\u00famero 66, Colonia Barrio Bravo, c\u00f3digo postal 77098, de la Ciudad de Chetumal, Quintana Roo, informa que es el responsable del tratamiento de los Datos Personales que nos proporcione, los cuales ser\u00e1n protegidos de conformidad a lo dispuesto por las citadas Leyes y dem\u00e1s normatividad que resulte aplicable.<\/p><h4>\u00bfQu\u00e9 datos personales solicitamos?<\/h4><p>Los datos personales recabados con motivo del Concurso de Dibujo Infantil <strong>\u201cLos Valores de la Transparencia y la Protecci\u00f3n de Tus Datos Personales\u201d 2022<\/strong>, ser\u00e1n utilizados para las siguientes finalidades:<\/p><ol><li>Cumplir con lo establecido en la convocatoria y bases del Concurso.<\/li><li>Integrar el registro de participantes del Concurso.<\/li><li>Identificar al participante.<\/li><li>Proporcionar el dibujo participante al jurado calificador.<\/li><li>Llevar a cabo el proceso de dictamen y fallo del jurado calificador, dar fe de transparencia y legalidad mediante el acta correspondiente (Secretar\u00eda Ejecutiva).<\/li><li>Elaborar las constancias, en el caso de los ni\u00f1os y\/o las ni\u00f1as que resulten ganadores de los tres primeros lugares de las tres categor\u00edas participantes.<\/li><li>Publicar el nombre (iniciales) de los ganadores del Concurso, para el cumplimiento de Obligaciones de Transparencia.<\/li><li>Otorgar los premios previstos en la convocatoria y bases.<\/li><li>Comprobar ante la Coordinaci\u00f3n Administrativa, la entrega de los premios a los ni\u00f1os y\/o las ni\u00f1as que resulten ganadores.<\/li><li>Contactar a los padres, tutores o representantes legales, de los ni\u00f1os y\/o las ni\u00f1as que resulten ganadores.<\/li><li>Publicaci\u00f3n de la imagen y nombre de los ni\u00f1os y\/o las ni\u00f1as que resulten ganadores el d\u00eda del evento de premiaci\u00f3n, as\u00ed como tambi\u00e9n en los medios masivos de comunicaci\u00f3n y en los medios de comunicaci\u00f3n y difusi\u00f3n institucional del propio Instituto (p\u00e1gina web <span style=\"color: #636ea5;\"><a style=\"color: #636ea5;\" href=\"http:\/\/www.idaipqroo.org.mx\/\" target=\"_blank\" rel=\"noopener\">www.idaipqroo.org.mx<\/a><\/span> y redes sociales @idaipqroo en Instagram, Facebook y Twitter; as\u00ed como en la plataforma digital YouTube).<\/li><\/ol><h4>Finalidades del Tratamiento de los Datos Personales:<\/h4><p>Para las finalidades anteriores, se solicitan los siguientes datos personales de <strong>los menores participantes:<\/strong><\/p><ul><li><strong>Datos de Identificaci\u00f3n:<\/strong> Nombre completo y edad.<\/li><li><strong>Datos de Contacto:<\/strong> Domicilio completo, ciudad y Tel\u00e9fono (que puede ser del menor o del padre\/madre o tutor o alg\u00fan familiar en el que se pueda localizar f\u00e1cilmente al participante))<\/li><li><strong>Datos Acad\u00e9micos:<\/strong> Nombre de la Escuela, Turno, Grado y Grupo.<\/li><li><strong>Para el caso de los ni\u00f1os y\/o las ni\u00f1as que resulten ganadores de los tres primeros lugares de las tres categor\u00edas participantes, se les requerir\u00e1:<\/strong><br \/>Datos de Identificaci\u00f3n: Clave \u00danica de Registro de Poblaci\u00f3n (CURP), para corroborar los requisitos se\u00f1alados en la convocatoria.<\/li><\/ul><p><strong>Datos Personales Sensibles:<\/strong><\/p><p>Se informa que s\u00ed se le solicitan datos personales sensibles en el caso de la categor\u00eda C, los cuales se subdividen por tipo de discapacidad:<\/p><ol><li>Audici\u00f3n, Dificultades de Aprendizaje, Conducta y Comunicaci\u00f3n, S\u00edndrome de Asperger, Hipoacusia, Trastorno de D\u00e9ficit de Atenci\u00f3n con o sin Hiperactividad,<\/li><li>Discapacidad Intelectual, Discapacidad Motora, Trastorno del espectro Autista y Baja visi\u00f3n.<\/li><li>Neuromotora, Ceguera y Sordo-Ceguera.<\/li><\/ol><p>De igual modo, los <strong>Padres de familia, Tutores o Representantes Legales<\/strong>, de los menores que resulten ganadores, deber\u00e1n presentar los siguientes datos personales:<\/p><p><strong>Datos de Identificaci\u00f3n:<\/strong> Identificaci\u00f3n Oficial con Fotograf\u00eda, Clave \u00danica de Registro de Poblaci\u00f3n (CURP) y una fotocopia de los mismos, de los cuales se dar\u00e1 tratamiento a los datos personales, para comprobar la entrega de los premios correspondientes y\/o en su caso, los gastos inherentes a la asistencia del evento de premiaci\u00f3n.<\/p><h4><strong>Transferencia y Divulgaci\u00f3n de Datos Personales.<\/strong><\/h4><p>En cumplimiento del art\u00edculo 91, fracci\u00f3n XXVI de la Ley de Transparencia y Acceso a la Informaci\u00f3n P\u00fablica para el Estado de Quintana Roo, se har\u00e1n p\u00fablicos los nombres del padre\/madre, tutor o represente legal de los menores ganadores de este Concurso; as\u00ed como tambi\u00e9n, el monto de los premios asignados y\/o gastos generados en su nombre con motivo del mismo.<\/p><p>Lo anterior, con la finalidad de transparentar la asignaci\u00f3n del recurso p\u00fablico otorgado, en el portal de obligaciones de informaci\u00f3n del IDAIPQROO y en el Sistema de Portales de Obligaciones de Transparencia (SIPOT), del Sistema Nacional de Transparencia, Acceso a la Informaci\u00f3n P\u00fablica y Protecci\u00f3n de Datos Personales.<\/p><p>Asimismo, con fundamento en los art\u00edculos 7; 9, fracciones I, IX y XIV; 14 y 67, \u00faltimo p\u00e1rrafo, de la Ley General de Contabilidad Gubernamental y Cuarto Transitorio del Decreto por el que se reforma y adiciona la Ley General de Contabilidad Gubernamental, para transparentar y armonizar la informaci\u00f3n financiera relativa a la aplicaci\u00f3n de recursos p\u00fablicos en los distintos \u00f3rdenes de gobierno publicado en el Diario Oficial de la Federaci\u00f3n el 12 de noviembre de 2012, se publicar\u00e1 en el portal web institucional, la informaci\u00f3n de los montos efectivamente pagados por concepto de ayudas y subsidios (premios otorgados) a los sectores econ\u00f3micos y sociales para que la informaci\u00f3n financiera que se genere y publique sea con base en estructuras y formatos armonizados.<\/p><p>En\u00a0 este\u00a0 sentido\u00a0 ser\u00e1\u00a0 publicado\u00a0 en\u00a0 el\u00a0 Portal\u00a0 del Instituto, en\u00a0 la\u00a0 secci\u00f3n\u00a0 de Armonizaci\u00f3n Contable, en el apartado de Informaci\u00f3n Complementaria, la <strong>versi\u00f3n p\u00fablica<\/strong> del Formato de Montos Pagados por Ayudas y Subsidios con el <strong>nombre de los padres o tutores<\/strong> de los menores ganadores de este Concurso, testando el dato personal: CURP.<\/p><p>De manera adicional, los datos recabados se utilizar\u00e1n para generar estad\u00edsticas e informes sobre los resultados del concurso en cita. Es menester se\u00f1alar que en dichas estad\u00edsticas y reportes, la informaci\u00f3n no estar\u00e1 asociada con el titular de los datos personales, por lo que no ser\u00e1 posible identificarlo.<\/p><p>No se realizar\u00e1n transferencias adicionales, salvo aqu\u00e9llas que sean necesarias para atender requerimientos de informaci\u00f3n de una autoridad competente, que est\u00e9n debidamente fundados y motivados.<\/p><h4><strong>Fundamento Legal del tratamiento de Datos Personales.<\/strong><\/h4><p>El IDAIPQROO organiza el concurso antes se\u00f1alado con base al art\u00edculo 77 de la Ley de Transparencia y Acceso a la Informaci\u00f3n P\u00fablica para el Estado de Quintana Roo y del Reglamento Interior y Condiciones Generales de Trabajo del Instituto de Acceso a la informaci\u00f3n y Protecci\u00f3n de Datos Personales de Quintana Roo, en su Cap\u00edtulo VIII de las Coordinaciones, Art\u00edculo 48, Secci\u00f3n Cuarta de la Coordinaci\u00f3n de Capacitaci\u00f3n, Fracciones I, II, VII, y XXVII.<\/p><p><strong>Consentimiento:<\/strong><\/p><p>Es menester recalcar que en t\u00e9rminos del Art\u00edculo 15 y 16 de la Ley de Protecci\u00f3n de Datos Personales en Posesi\u00f3n de Sujetos Obligados para el Estado de Quintana Roo, para el tratamiento de datos personales de menores\u00a0\u00a0\u00a0\u00a0\u00a0 de edad o en estado de interdicci\u00f3n o incapacidad declarada, requerimos el consentimiento por escrito de los padres, tutores o representantes legales de los\u00a0\u00a0\u00a0 mismos; el cual ser\u00e1 recabado previo al aprovechamiento de los Datos Personales de los infantes ganadores mediante la Carta de Autorizaci\u00f3n de Consentimiento del Tratamiento de Datos Personales de la Ni\u00f1a o Ni\u00f1o que resulten ganadores en el Concurso Infantil de Dibujo \u201cLos Valores de la Transparencia y la Protecci\u00f3n de tus Datos Personales\u201d 2022, otorgada por el padre\/madre, tutor o representante legal.<\/p><h4><strong>\u00bfD\u00f3nde se pueden ejercer los derechos de acceso, rectificaci\u00f3n correcci\u00f3n y oposici\u00f3n de datos personales?<\/strong><\/h4><p>El Titular de los Datos Personales, podr\u00e1 ejercer sus derechos de Acceso, Rectificaci\u00f3n, Cancelaci\u00f3n y Oposici\u00f3n (ARCO), solicitando lo conducente ante la Unidad de Transparencia, a cargo del Mtro. Juan Francisco Dom\u00ednguez Galera, Titular de la Unidad de Transparencia del IDAIPQROO, ubicada en avenida Oth\u00f3n P. Blanco, N\u00famero 66, colonia Barrio Bravo, c\u00f3digo postal 77098 en la ciudad de Chetumal, Quintana Roo. La solicitud de derechos ARCO, conforme a lo dispuesto en la Ley General de Protecci\u00f3n de Datos Personales en Posesi\u00f3n de Sujetos Obligados y la Ley de Protecci\u00f3n de Datos Personales en Posesi\u00f3n de Sujetos Obligados para el Estado de Quintana Roo, podr\u00e1 realizarla de manera personal, mediante el formato de Derechos ARCO del Instituto, mismo que podr\u00e1 descargar en la presente liga:<\/p><p><span style=\"color: #636ea5;\"><a style=\"color: #636ea5;\" href=\"http:\/\/www.idaipqroo.org.mx\/solicitud-arco\/\" target=\"_blank\" rel=\"noopener\">http:\/\/www.idaipqroo.org.mx\/solicitud-arco\/<\/a>\u00a0<\/span> o a trav\u00e9s del SISAI 2.0, mediante la liga: <span style=\"color: #636ea5;\"><a style=\"color: #636ea5;\" href=\"https:\/\/www.plataformadetransparencia.org.mx\/\" target=\"_blank\" rel=\"noopener\">https:\/\/www.plataformadetransparencia.org.mx\/<\/a><\/span><\/p><p>En el caso de requerir asesor\u00eda en el tema de Protecci\u00f3n de Datos Personales, puede acudir ante el IDAIPQROO, con la <strong>M.C.C. Hilda Ariadne Cabrera Garc\u00eda<\/strong>, quien ocupa el cargo de Directora de Protecci\u00f3n de Datos Personales del Instituto\u00a0 de\u00a0 Acceso\u00a0 a la Informaci\u00f3n\u00a0 y Protecci\u00f3n de\u00a0 Datos Personales\u00a0 de Quintana Roo, y\/o con la<strong> Lic. Karene Guadalupe M\u00e9ndez Contreras<\/strong>, Jefa del Departamento de Protecci\u00f3n de Datos Personales de este Instituto, en <strong>horario de atenci\u00f3n de lunes a viernes de 09:00 a 16:00 horas.<\/strong><\/p><p>Cabe se\u00f1alar que contra la negativa de dar tr\u00e1mite a toda solicitud para el ejercicio de los derechos ARCO o por falta de respuesta del Responsable, proceder\u00e1 la interposici\u00f3n de Recurso de Revisi\u00f3n a que se refiere el art\u00edculo 94 de la Ley General y los 115 al 135 de la Ley local en la materia.<\/p><p>En caso de que exista alg\u00fan cambio en el Aviso de Privacidad Integral, podr\u00e1 consultarlo en el sitio web del Instituto <a href=\"http:\/\/www.idaipqroo.org.mx\/\" target=\"_blank\" rel=\"noopener\">www.idaipqroo.org.mx<\/a> en la secci\u00f3n \u201cAvisos de Privacidad\u201d, o bien, de manera presencial en la Coordinaci\u00f3n de Capacitaci\u00f3n del propio Instituto.<\/p><p><strong>Para mayor informaci\u00f3n, puede comunicarse a los tel\u00e9fonos Tel\/Fax: 01 (983) 83- 2-35-61 y 12-9-19-01.<\/strong><\/p><\/div>\n\t\t\t\t<\/div>\n\t\t\t\t<\/div>\n\t\t\t\t\t\t<\/div>\n\t\t\t\t\t<\/div>\n\t\t<\/div>\n\t\t\t\t\t\t\t\t<\/div>\n\t\t\t\t\t<\/div>\n\t\t<\/section>\n\t\t\t\t\t\t<\/div>\n\t\t\t\t\t\t<\/div>\n\t\t\t\t\t<\/div>\n\t\t","protected":false},"excerpt":{"rendered":"<p>Aviso de Privacidad del Concurso Infantil de Dibujo IDAIPQROO . En cumplimiento a la Ley General de Protecci\u00f3n de Datos Personales en Posesi\u00f3n de Sujetos Obligados y la Ley de Protecci\u00f3n de Datos Personales en Posesi\u00f3n de Sujetos Obligados para el Estado de Quintana Roo, el Instituto de Acceso a la Informaci\u00f3n y Protecci\u00f3n de<\/p>\n","protected":false},"author":1,"featured_media":0,"parent":0,"menu_order":0,"comment_status":"closed","ping_status":"closed","template":"","meta":[],"_links":{"self":[{"href":"http:\/\/www.idaipqroo.org.mx\/dibujo-infantil\/wp-json\/wp\/v2\/pages\/171"}],"collection":[{"href":"http:\/\/www.idaipqroo.org.mx\/dibujo-infantil\/wp-json\/wp\/v2\/pages"}],"about":[{"href":"http:\/\/www.idaipqroo.org.mx\/dibujo-infantil\/wp-json\/wp\/v2\/types\/page"}],"author":[{"embeddable":true,"href":"http:\/\/www.idaipqroo.org.mx\/dibujo-infantil\/wp-json\/wp\/v2\/users\/1"}],"replies":[{"embeddable":true,"href":"http:\/\/www.idaipqroo.org.mx\/dibujo-infantil\/wp-json\/wp\/v2\/comments?post=171"}],"version-history":[{"count":190,"href":"http:\/\/www.idaipqroo.org.mx\/dibujo-infantil\/wp-json\/wp\/v2\/pages\/171\/revisions"}],"predecessor-version":[{"id":1095,"href":"http:\/\/www.idaipqroo.org.mx\/dibujo-infantil\/wp-json\/wp\/v2\/pages\/171\/revisions\/1095"}],"wp:attachment":[{"href":"http:\/\/www.idaipqroo.org.mx\/dibujo-infantil\/wp-json\/wp\/v2\/media?parent=171"}],"curies":[{"name":"wp","href":"https:\/\/api.w.org\/{rel}","templated":true}]}}