{"id":12293,"date":"2021-12-07T16:09:13","date_gmt":"2021-12-07T16:09:13","guid":{"rendered":"http:\/\/www.idaipqroo.org.mx\/estado-abierto\/?page_id=12293"},"modified":"2023-02-27T20:46:23","modified_gmt":"2023-02-27T20:46:23","slug":"ejercicios-locales","status":"publish","type":"page","link":"http:\/\/www.idaipqroo.org.mx\/estado-abierto\/ejercicios-locales\/","title":{"rendered":"Ejercicios Locales"},"content":{"rendered":"\t\t<div data-elementor-type=\"wp-page\" data-elementor-id=\"12293\" class=\"elementor elementor-12293\">\n\t\t\t\t\t\t<div class=\"elementor-inner\">\n\t\t\t\t<div class=\"elementor-section-wrap\">\n\t\t\t\t\t\t\t\t\t<section class=\"elementor-section elementor-top-section elementor-element elementor-element-d2f8fed elementor-section-boxed elementor-section-height-default elementor-section-height-default\" data-id=\"d2f8fed\" data-element_type=\"section\">\n\t\t\t\t\t\t<div class=\"elementor-container elementor-column-gap-default\">\n\t\t\t\t\t\t\t<div class=\"elementor-row\">\n\t\t\t\t\t<div class=\"elementor-column elementor-col-100 elementor-top-column elementor-element elementor-element-7d8c507\" data-id=\"7d8c507\" data-element_type=\"column\">\n\t\t\t<div class=\"elementor-column-wrap elementor-element-populated\">\n\t\t\t\t\t\t\t<div class=\"elementor-widget-wrap\">\n\t\t\t\t\t\t<div class=\"elementor-element elementor-element-1126e2c elementor-widget elementor-widget-spacer\" data-id=\"1126e2c\" data-element_type=\"widget\" data-settings=\"{&quot;ekit_we_effect_on&quot;:&quot;none&quot;}\" data-widget_type=\"spacer.default\">\n\t\t\t\t<div class=\"elementor-widget-container\">\n\t\t\t\t\t<div class=\"elementor-spacer\">\n\t\t\t<div class=\"elementor-spacer-inner\"><\/div>\n\t\t<\/div>\n\t\t\t\t<\/div>\n\t\t\t\t<\/div>\n\t\t\t\t\t\t<\/div>\n\t\t\t\t\t<\/div>\n\t\t<\/div>\n\t\t\t\t\t\t\t\t<\/div>\n\t\t\t\t\t<\/div>\n\t\t<\/section>\n\t\t\t\t<section class=\"elementor-section elementor-top-section elementor-element elementor-element-b0c2da2 elementor-section-boxed elementor-section-height-default elementor-section-height-default\" data-id=\"b0c2da2\" data-element_type=\"section\">\n\t\t\t\t\t\t<div class=\"elementor-container elementor-column-gap-default\">\n\t\t\t\t\t\t\t<div class=\"elementor-row\">\n\t\t\t\t\t<div class=\"elementor-column elementor-col-100 elementor-top-column elementor-element elementor-element-b23764d\" data-id=\"b23764d\" data-element_type=\"column\">\n\t\t\t<div class=\"elementor-column-wrap elementor-element-populated\">\n\t\t\t\t\t\t\t<div class=\"elementor-widget-wrap\">\n\t\t\t\t\t\t<div class=\"elementor-element elementor-element-94223a8 elementor-widget elementor-widget-elementskit-heading\" data-id=\"94223a8\" data-element_type=\"widget\" data-settings=\"{&quot;ekit_we_effect_on&quot;:&quot;none&quot;}\" data-widget_type=\"elementskit-heading.default\">\n\t\t\t\t<div class=\"elementor-widget-container\">\n\t\t\t<div class=\"ekit-wid-con\" ><div class=\"ekit-heading elementskit-section-title-wraper text_center   ekit_heading_tablet-   ekit_heading_mobile-\"><h2 class=\"ekit-heading--title elementskit-section-title \">\n\t\t\t\t\t\u00bfQu\u00e9 son los ejercicios locales de Gobierno Abierto tambi\u00e9n conocidos como la iniciativa Cocreaci\u00f3n desde lo local? \n\t\t\t\t<\/h2><\/div><\/div>\t\t<\/div>\n\t\t\t\t<\/div>\n\t\t\t\t\t\t<\/div>\n\t\t\t\t\t<\/div>\n\t\t<\/div>\n\t\t\t\t\t\t\t\t<\/div>\n\t\t\t\t\t<\/div>\n\t\t<\/section>\n\t\t\t\t<section class=\"elementor-section elementor-top-section elementor-element elementor-element-2053092a elementor-section-boxed elementor-section-height-default elementor-section-height-default\" data-id=\"2053092a\" data-element_type=\"section\" data-settings=\"{&quot;background_background&quot;:&quot;classic&quot;}\">\n\t\t\t\t\t\t\t<div class=\"elementor-background-overlay\"><\/div>\n\t\t\t\t\t\t\t<div class=\"elementor-container elementor-column-gap-default\">\n\t\t\t\t\t\t\t<div class=\"elementor-row\">\n\t\t\t\t\t<div class=\"elementor-column elementor-col-50 elementor-top-column elementor-element elementor-element-477e1232\" data-id=\"477e1232\" data-element_type=\"column\">\n\t\t\t<div class=\"elementor-column-wrap elementor-element-populated\">\n\t\t\t\t\t\t\t<div class=\"elementor-widget-wrap\">\n\t\t\t\t\t\t<div class=\"elementor-element elementor-element-7f8cb194 elementor-widget elementor-widget-text-editor\" data-id=\"7f8cb194\" data-element_type=\"widget\" data-settings=\"{&quot;ekit_we_effect_on&quot;:&quot;none&quot;}\" data-widget_type=\"text-editor.default\">\n\t\t\t\t<div class=\"elementor-widget-container\">\n\t\t\t\t\t\t\t\t<div class=\"elementor-text-editor elementor-clearfix\">\n\t\t\t\t<p>El objetivo de esta iniciativa es propiciar e incentivar la adopci\u00f3n, implementaci\u00f3n y evaluaci\u00f3n sistem\u00e1tica de pr\u00e1cticas de gobierno abierto en las entidades federativas y los municipios para la soluci\u00f3n de problemas p\u00fablicos de alto impacto. La base de la iniciativa es el establecimiento de espacios permanentes de di\u00e1logo (Secretariados T\u00e9cnicos Locales) en los que la sociedad y el gobierno definen en conjunto qu\u00e9 alternativas deben instrumentarse por medio de un Plan de Acci\u00f3n Local para dar soluci\u00f3n a diversas necesidades.<\/p><p>La Ley General de Transparencia y Acceso a la Informaci\u00f3n P\u00fablica publicada el 4 de mayo de 2015 se\u00f1ala en el art\u00edculo 59 del T\u00cdTULO CUARTO nombrado: \u201cCultura de Transparencia y apertura Gubernamental\u201d que los Organismos garantes, como el INAI, en el \u00e1mbito de sus atribuciones, coadyuvar\u00e1n con los sujetos obligados y representantes de la sociedad civil en la implementaci\u00f3n de mecanismos de colaboraci\u00f3n para la promoci\u00f3n e implementaci\u00f3n de pol\u00edticas y mecanismos de apertura gubernamental.<\/p><p>Desde el 2015 la Direcci\u00f3n General de Gobierno Abierto y Transparencia del INAI en el marco del Sistema Nacional de Transparencia, Acceso a la Informaci\u00f3n y Protecci\u00f3n de Datos Personales (SNT) ha trabajado para realizar esa labor generando que<\/p>\t\t\t\t\t<\/div>\n\t\t\t\t\t\t<\/div>\n\t\t\t\t<\/div>\n\t\t\t\t\t\t<\/div>\n\t\t\t\t\t<\/div>\n\t\t<\/div>\n\t\t\t\t<div class=\"elementor-column elementor-col-50 elementor-top-column elementor-element elementor-element-7775d83\" data-id=\"7775d83\" data-element_type=\"column\">\n\t\t\t<div class=\"elementor-column-wrap elementor-element-populated\">\n\t\t\t\t\t\t\t<div class=\"elementor-widget-wrap\">\n\t\t\t\t\t\t<div class=\"elementor-element elementor-element-2ecaef6 elementor-widget elementor-widget-image\" data-id=\"2ecaef6\" data-element_type=\"widget\" data-settings=\"{&quot;ekit_we_effect_on&quot;:&quot;none&quot;}\" data-widget_type=\"image.default\">\n\t\t\t\t<div class=\"elementor-widget-container\">\n\t\t\t\t\t\t\t\t<div class=\"elementor-image\">\n\t\t\t\t\t\t\t\t\t\t\t\t<img width=\"800\" height=\"603\" src=\"http:\/\/www.idaipqroo.org.mx\/estado-abierto\/wp-content\/uploads\/2021\/12\/ciudad_gobierno_abierto.png\" class=\"attachment-full size-full wp-image-12310\" alt=\"\" loading=\"lazy\" srcset=\"http:\/\/www.idaipqroo.org.mx\/estado-abierto\/wp-content\/uploads\/2021\/12\/ciudad_gobierno_abierto.png 800w, http:\/\/www.idaipqroo.org.mx\/estado-abierto\/wp-content\/uploads\/2021\/12\/ciudad_gobierno_abierto-768x579.png 768w\" sizes=\"(max-width: 800px) 100vw, 800px\" \/>\t\t\t\t\t\t\t\t\t\t\t\t\t\t<\/div>\n\t\t\t\t\t\t<\/div>\n\t\t\t\t<\/div>\n\t\t\t\t<div class=\"elementor-element elementor-element-ce4ffc0 elementor-widget elementor-widget-text-editor\" data-id=\"ce4ffc0\" data-element_type=\"widget\" data-settings=\"{&quot;ekit_we_effect_on&quot;:&quot;none&quot;}\" data-widget_type=\"text-editor.default\">\n\t\t\t\t<div class=\"elementor-widget-container\">\n\t\t\t\t\t\t\t\t<div class=\"elementor-text-editor elementor-clearfix\">\n\t\t\t\t<p>100 autoridades, 30 organismos garantes del derecho de acceso a la informaci\u00f3n y alrededor de 120 organizaciones de la sociedad civil en todo el pa\u00eds, converjan, colaboren y dise\u00f1en pr\u00e1cticas de transparencia, participaci\u00f3n y rendici\u00f3n de cuentas para resolver los problemas p\u00fablicos de las entidades.<\/p>\t\t\t\t\t<\/div>\n\t\t\t\t\t\t<\/div>\n\t\t\t\t<\/div>\n\t\t\t\t\t\t<\/div>\n\t\t\t\t\t<\/div>\n\t\t<\/div>\n\t\t\t\t\t\t\t\t<\/div>\n\t\t\t\t\t<\/div>\n\t\t<\/section>\n\t\t\t\t<section class=\"elementor-section elementor-top-section elementor-element elementor-element-10b62c6 elementor-section-boxed elementor-section-height-default elementor-section-height-default\" data-id=\"10b62c6\" data-element_type=\"section\">\n\t\t\t\t\t\t<div class=\"elementor-container elementor-column-gap-default\">\n\t\t\t\t\t\t\t<div class=\"elementor-row\">\n\t\t\t\t\t<div class=\"elementor-column elementor-col-100 elementor-top-column elementor-element elementor-element-dd9dd97\" data-id=\"dd9dd97\" data-element_type=\"column\">\n\t\t\t<div class=\"elementor-column-wrap\">\n\t\t\t\t\t\t\t<div class=\"elementor-widget-wrap\">\n\t\t\t\t\t\t\t\t<\/div>\n\t\t\t\t\t<\/div>\n\t\t<\/div>\n\t\t\t\t\t\t\t\t<\/div>\n\t\t\t\t\t<\/div>\n\t\t<\/section>\n\t\t\t\t\t\t\t\t\t<\/div>\n\t\t\t<\/div>\n\t\t\t\t\t<\/div>\n\t\t","protected":false},"excerpt":{"rendered":"<p>\u00bfQu\u00e9 son los ejercicios locales de Gobierno Abierto tambi\u00e9n conocidos como la iniciativa Cocreaci\u00f3n desde lo local? El objetivo de &hellip;<\/p>\n<p class=\"read-more\"> <a class=\"\" href=\"http:\/\/www.idaipqroo.org.mx\/estado-abierto\/ejercicios-locales\/\"> <span class=\"screen-reader-text\">Ejercicios Locales<\/span> Read More &raquo;<\/a><\/p>\n","protected":false},"author":1,"featured_media":0,"parent":0,"menu_order":0,"comment_status":"closed","ping_status":"closed","template":"elementor_header_footer","meta":{"site-sidebar-layout":"default","site-content-layout":"default","ast-global-header-display":"","ast-main-header-display":"","ast-hfb-above-header-display":"","ast-hfb-below-header-display":"","ast-hfb-mobile-header-display":"","site-post-title":"","ast-breadcrumbs-content":"","ast-featured-img":"","footer-sml-layout":"","theme-transparent-header-meta":"","adv-header-id-meta":"","stick-header-meta":"","header-above-stick-meta":"","header-main-stick-meta":"","header-below-stick-meta":""},"_links":{"self":[{"href":"http:\/\/www.idaipqroo.org.mx\/estado-abierto\/wp-json\/wp\/v2\/pages\/12293"}],"collection":[{"href":"http:\/\/www.idaipqroo.org.mx\/estado-abierto\/wp-json\/wp\/v2\/pages"}],"about":[{"href":"http:\/\/www.idaipqroo.org.mx\/estado-abierto\/wp-json\/wp\/v2\/types\/page"}],"author":[{"embeddable":true,"href":"http:\/\/www.idaipqroo.org.mx\/estado-abierto\/wp-json\/wp\/v2\/users\/1"}],"replies":[{"embeddable":true,"href":"http:\/\/www.idaipqroo.org.mx\/estado-abierto\/wp-json\/wp\/v2\/comments?post=12293"}],"version-history":[{"count":29,"href":"http:\/\/www.idaipqroo.org.mx\/estado-abierto\/wp-json\/wp\/v2\/pages\/12293\/revisions"}],"predecessor-version":[{"id":13068,"href":"http:\/\/www.idaipqroo.org.mx\/estado-abierto\/wp-json\/wp\/v2\/pages\/12293\/revisions\/13068"}],"wp:attachment":[{"href":"http:\/\/www.idaipqroo.org.mx\/estado-abierto\/wp-json\/wp\/v2\/media?parent=12293"}],"curies":[{"name":"wp","href":"https:\/\/api.w.org\/{rel}","templated":true}]}}